{"id":988,"date":"2026-01-29T11:49:33","date_gmt":"2026-01-29T10:49:33","guid":{"rendered":"http:\/\/magtrio.fr\/groupe\/?page_id=988"},"modified":"2026-01-29T15:50:59","modified_gmt":"2026-01-29T14:50:59","slug":"mariages","status":"publish","type":"page","link":"https:\/\/magtrio.fr\/groupe\/mariages\/","title":{"rendered":"Groupe de Musique pour votre Mariage : Live, Jazz &#038; Pop-Soul"},"content":{"rendered":"\n<p>Nous proposons, avec le groupe Orange Trio Music, <strong>une animation musicale \u00e9l\u00e9gante pour votre mariage en Provence et dans tout le Sud de la France<\/strong>. Sp\u00e9cialis\u00e9s dans les ambiances acoustiques et lounge, nous adaptons notre formation \u2014 du duo intimiste au quartet avec batteur \u2014 pour cr\u00e9er la bande sonore id\u00e9ale de votre union.<\/p>\n\n\n\n<h2 class=\"wp-block-heading\" id=\"le-groupe-de-musique-pour-votre-ceremonie-de-mariage\">Nous cr\u00e9ons l&#8217;\u00e9motion pour votre c\u00e9r\u00e9monie de mariage<\/h2>\n\n\n\n<p><strong>Nous adaptons notre r\u00e9pertoire \u00e0 votre univers<\/strong> pour souligner chaque instant cl\u00e9 de votre c\u00e9r\u00e9monie. Ensemble, nous choisissons les pi\u00e8ces musicales qui font \u00e9cho \u00e0 vos souvenirs pour cr\u00e9er une atmosph\u00e8re qui vous ressemble vraiment.<\/p>\n\n\n\n<p><strong>Nous vous accompagnons \u00e9galement avec nos conseils<\/strong> pour s\u00e9lectionner les musiques les plus adapt\u00e9es \u00e0 chaque temps fort, de l&#8217;entr\u00e9e des mari\u00e9s \u00e0 l&#8217;\u00e9change des alliances. Vous pouvez consulter ici notre <a href=\"https:\/\/magtrio.fr\/groupe\/wp-content\/uploads\/2022\/09\/Repertoire-Ceremonie-Septembre-2022.pdf\" target=\"_blank\" rel=\"noreferrer noopener\">liste de chansons et standards pour votre c\u00e9r\u00e9monie<\/a>.<\/p>\n\n\n\n<p><strong>Flightless Bird (Film Twilight, Sc\u00e9ne du Mariage)<\/strong><\/p>\n\n\n\n<figure class=\"wp-block-audio\"><audio controls src=\"https:\/\/magtrio.fr\/groupe\/wp-content\/uploads\/2016\/03\/american-mouth-flightless-bird.mp3\" preload=\"none\"><\/audio><figcaption class=\"wp-element-caption\">Une musique de c\u00e9r\u00e9monie de mariage moderne et \u00e9mouvante &#8211; Extrait B.O Film Twilight -Sc\u00e8ne Mariage<\/figcaption><\/figure>\n\n\n\n<p><strong>Someday My Prince will come (Jazz Standard)<\/strong><\/p>\n\n\n\n<figure class=\"wp-block-audio\"><audio controls src=\"https:\/\/magtrio.fr\/groupe\/wp-content\/uploads\/2013\/03\/someday1.mp3\" preload=\"none\"><\/audio><figcaption class=\"wp-element-caption\">Un standard de Jazz id\u00e9al pour une entr\u00e9e de mari\u00e9e f\u00e9erique. Disney &#8211; Un jour mon Prince Viendra<\/figcaption><\/figure>\n\n\n\n<p><strong>Songbird (Eva Cassidy)<\/strong><\/p>\n\n\n\n<figure class=\"wp-block-audio\"><audio controls src=\"https:\/\/magtrio.fr\/groupe\/wp-content\/uploads\/2013\/03\/songbird1.mp3\" preload=\"none\"><\/audio><figcaption class=\"wp-element-caption\">Songbird, un classique Pop-Folk pour souligner l&#8217;\u00e9motion de votre union.<\/figcaption><\/figure>\n\n\n\n<div style=\"height:20px\" aria-hidden=\"true\" class=\"wp-block-spacer\"><\/div>\n\n\n\n<p><strong>Vid\u00e9o du groupe en duo chanteuse et Guitariste:<\/strong> The more i see you (Bossa Nova\/Jazz Standard)<\/p>\n\n\n<figure class=\"wp-block-embed-youtube wp-block-embed is-type-video is-provider-youtube wp-embed-aspect-16-9 wp-has-aspect-ratio lyte-align aligncenter\"><div class=\"lyte-wrapper\" title=\"The more i see you - Reprise\/Cover Jazz Bossa (Chanteuse et Guitariste)\" style=\"width:640px;max-width:100%;margin:5px auto;\"><div class=\"lyMe hidef\" id=\"WYL_ZYRra0Ec1wg\" itemprop=\"video\" itemscope itemtype=\"https:\/\/schema.org\/VideoObject\"><div><meta itemprop=\"thumbnailUrl\" content=\"https:\/\/magtrio.fr\/groupe\/wp-content\/plugins\/wp-youtube-lyte\/lyteCache.php?origThumbUrl=https%3A%2F%2Fi.ytimg.com%2Fvi%2FZYRra0Ec1wg%2Fmaxresdefault.jpg\" \/><meta itemprop=\"embedURL\" content=\"https:\/\/www.youtube.com\/embed\/ZYRra0Ec1wg\" \/><meta itemprop=\"duration\" content=\"PT1M17S\" \/><meta itemprop=\"uploadDate\" content=\"2018-07-27T01:05:36Z\" \/><\/div><meta itemprop=\"accessibilityFeature\" content=\"captions\" \/><div id=\"lyte_ZYRra0Ec1wg\" data-src=\"https:\/\/magtrio.fr\/groupe\/wp-content\/plugins\/wp-youtube-lyte\/lyteCache.php?origThumbUrl=https%3A%2F%2Fi.ytimg.com%2Fvi%2FZYRra0Ec1wg%2Fmaxresdefault.jpg\" class=\"pL\"><div class=\"tC\"><div class=\"tT\" itemprop=\"name\">The more i see you - Reprise\/Cover Jazz Bossa (Chanteuse et Guitariste)<\/div><\/div><div class=\"play\"><\/div><div class=\"ctrl\"><div class=\"Lctrl\"><\/div><div class=\"Rctrl\"><\/div><\/div><\/div><noscript><a href=\"https:\/\/youtu.be\/ZYRra0Ec1wg\" rel=\"nofollow\"><img loading=\"lazy\" decoding=\"async\" src=\"https:\/\/magtrio.fr\/groupe\/wp-content\/plugins\/wp-youtube-lyte\/lyteCache.php?origThumbUrl=https%3A%2F%2Fi.ytimg.com%2Fvi%2FZYRra0Ec1wg%2F0.jpg\" alt=\"The more i see you - Reprise\/Cover Jazz Bossa (Chanteuse et Guitariste)\" width=\"640\" height=\"340\" \/><\/a><\/noscript><meta itemprop=\"description\" content=\"Reprise en duo Guitariste et chanteuse du standard de Chris Montez &quot;The more i see you&quot;, par Orange Trio Music. Nous reprenons le titre en Duo Acoustique dans un arrangement Jazz\/Bossa Nova avec guitariste et chanteuse. #chrismontez #coversong #weddingband #bossanovacovers Visitez notre Site: https:\/\/magtrio.fr\/groupe\/ Orange Trio Music, Mariages, Vins d&#039;honneurs, r\u00e9ceptions et \u00e9v\u00e8nements en Provence, Lub\u00e9ron et sur la Cote d&#039;Azur (French Riviera). Vid\u00e9o r\u00e9alis\u00e9e avec un bo\u00eetier Sony A7 R III et un objectif Sigma 50 mm 1.4 Art Paroles de The more i see you (Chris Montez) The more I see you, the more I want you Somehow this feeling just grows and grows With every sigh I become more mad about you More lost without you and so it goes Can you imagine how much I love you? The more I see you as years go by I know the only one for me can only be you My arms won&#039;t free you, and my heart won&#039;t try Can you imagine how much I love you? The more I see you as years go by I know the only one for me can only be you My arms won&#039;t free you, and my heart won&#039;t try\"><\/div><\/div><div class=\"lL\" style=\"max-width:100%;width:640px;margin:5px auto;\"> <a href=\"https:\/\/youtu.be\/ZYRra0Ec1wg\" target=\"_blank\">Lire cette vid\u00e9o sur YouTube<\/a>.<\/div><figcaption>The more i See You &#8211; Standard Bossa Nova &#8211; Jazz pour C\u00e9r\u00e9monie La\u00efque<\/figcaption><\/figure>\n\n\n<div style=\"height:37px\" aria-hidden=\"true\" class=\"wp-block-spacer\"><\/div>\n\n\n\n<p>La Chanteuse du groupe accompagne une invit\u00e9e lors de la c\u00e9r\u00e9monie \u00e0 l&#8217;\u00e9glise&#8230;<\/p>\n\n\n<div class=\"wp-block-image\">\n<figure class=\"aligncenter\"><a href=\"https:\/\/magtrio.fr\/groupe\/wp-content\/uploads\/2017\/12\/chanteuse-ceremonie-mariage-st-tropez.png\"><img loading=\"lazy\" decoding=\"async\" width=\"300\" height=\"201\" src=\"https:\/\/magtrio.fr\/groupe\/wp-content\/uploads\/2017\/12\/chanteuse-ceremonie-mariage-st-tropez-300x201.png\" alt=\"Groupe musique avec chanteuse c\u00e9r\u00e9monie de mariage\" class=\"wp-image-2059\" style=\"object-fit:cover\"\/><\/a><\/figure>\n<\/div>\n\n<div class=\"wp-block-image\">\n<figure class=\"aligncenter\"><a href=\"https:\/\/magtrio.fr\/groupe\/wp-content\/uploads\/2013\/03\/ceremonie-eglise-groupe-orange-trio.jpg\"><img loading=\"lazy\" decoding=\"async\" width=\"300\" height=\"200\" src=\"https:\/\/magtrio.fr\/groupe\/wp-content\/uploads\/2013\/03\/ceremonie-eglise-groupe-orange-trio-300x200.jpg\" alt=\"Les musiciens du groupe lors d'une c\u00e9r\u00e9monie de mariage \u00e0 l'\u00e9glise\" class=\"wp-image-1774\" style=\"object-fit:cover\" srcset=\"https:\/\/magtrio.fr\/groupe\/wp-content\/uploads\/2013\/03\/ceremonie-eglise-groupe-orange-trio-300x200.jpg 300w, https:\/\/magtrio.fr\/groupe\/wp-content\/uploads\/2013\/03\/ceremonie-eglise-groupe-orange-trio-1024x683.jpg 1024w, https:\/\/magtrio.fr\/groupe\/wp-content\/uploads\/2013\/03\/ceremonie-eglise-groupe-orange-trio.jpg 1350w\" sizes=\"auto, (max-width: 300px) 100vw, 300px\" \/><\/a><\/figure>\n<\/div>\n\n\n<h2 class=\"wp-block-heading\" id=\"l-animation-musicale-du-cocktail-de-votre-mariage-vin-d-honneur\">Une animation musicale acoustique et lounge pour votre cocktail de mariage<\/h2>\n\n\n\n<p>Pour votre vin d\u2019honneur, <strong>nous cr\u00e9ons une ambiance feutr\u00e9e et \u00e9l\u00e9gante<\/strong>, id\u00e9ale pour accompagner les \u00e9changes entre vos invit\u00e9s. Notre sp\u00e9cialit\u00e9 est la <strong>reprise Pop, Soul et Folk acoustique<\/strong> : nous r\u00e9interpr\u00e9tons les grands succ\u00e8s (de Sting \u00e0 Bill Withers) dans un format chaleureux et moderne.<\/p>\n\n\n\n<p><strong>Nous modulons notre effectif<\/strong> selon l\u2019espace et vos envies : du <strong>duo acoustique (guitare et chant)<\/strong> pour une r\u00e9ception intimiste, au <strong>trio avec basse<\/strong> ou <strong>quartet avec batterie<\/strong> pour un son plus riche et pr\u00e9sent.<\/p>\n\n\n\n<h3 class=\"wp-block-heading\"><strong>Une touche de Jazz Vocal et de Bossa-Nova<\/strong><\/h3>\n\n\n\n<p>Parce qu&#8217;un cocktail de mariage appelle souvent une note de distinction, <strong>nous int\u00e9grons \u00e0 notre r\u00e9pertoire des standards de Jazz vocal et des rythmes Bossa-Nova<\/strong>. Cette couleur musicale, \u00e0 la fois chic et solaire, apporte une dimension &#8220;Lounge&#8221; parfaite pour un d\u00e9but de r\u00e9ception en ext\u00e9rieur, sous le soleil de Provence ou de la C\u00f4te d&#8217;Azur.<\/p>\n\n\n\n<h4 class=\"wp-block-heading\"><strong>Extraits de notre univers Lounge (Pop-Soul &amp; Jazz) :<\/strong><\/h4>\n\n\n\n<ul class=\"wp-block-list\">\n<li><strong><a href=\"https:\/\/magtrio.fr\/groupe\/wp-content\/uploads\/2013\/03\/the_days.mp3\" target=\"_blank\" rel=\"noreferrer noopener\">The Days of Wine and Roses<\/a><\/strong> : Le charme du Jazz vocal pour une atmosph\u00e8re raffin\u00e9e (Audio).<\/li>\n\n\n\n<li><strong><a href=\"https:\/\/youtu.be\/xb5WvLvzdxc\" target=\"_blank\" rel=\"noopener\" title=\"Aint no Sunshine - Bill Withers reprise Orange Trio Music\">Ain&#8217;t no sunshine (Bill Withers)<\/a><\/strong> : Notre interpr\u00e9tation Soul en trio <strong>(Vid\u00e9o).<\/strong><\/li>\n\n\n\n<li><strong><a href=\"https:\/\/www.youtube.com\/watch%3Fv%3DYrvjTlzbfxY\" target=\"_blank\" rel=\"noopener\" title=\"Youve got a Friend in Me Toy Story - Reprise Acoustique Cocktail\">You&#8217;ve got a friend in me (Toy Story)<\/a><\/strong> : Une touche de swing et de malice pour votre cocktail <strong>(Vid\u00e9o Studio).<\/strong><\/li>\n\n\n\n<li><strong><a href=\"https:\/\/magtrio.fr\/groupe\/wp-content\/uploads\/2019\/02\/Love-is-all-Roger-Glover-Trio.mp3\" target=\"_blank\" rel=\"noreferrer noopener\">Love Is All (Roger Glover)<\/a><\/strong> : Une p\u00e9pite Pop-Soul r\u00e9arrang\u00e9e pour le vin d&#8217;honneur (Audio).<\/li>\n\n\n\n<li><strong><a href=\"https:\/\/magtrio.fr\/groupe\/wp-content\/uploads\/2013\/03\/wonderful.mp3\" target=\"_blank\" rel=\"noreferrer noopener\">S&#8217;Wonderfull (Bossa Nova)<\/a><\/strong> : La l\u00e9g\u00e8ret\u00e9 et l&#8217;\u00e9l\u00e9gance pour un moment suspendu (Audio).<\/li>\n<\/ul>\n\n\n<div class=\"wp-block-image\">\n<figure class=\"aligncenter\"><a href=\"https:\/\/magtrio.fr\/groupe\/wp-content\/uploads\/2015\/10\/chanteuse-orange-trio-cocktail-mariage.png\"><img loading=\"lazy\" decoding=\"async\" width=\"300\" height=\"199\" src=\"https:\/\/magtrio.fr\/groupe\/wp-content\/uploads\/2015\/10\/chanteuse-orange-trio-cocktail-mariage-300x199.png\" alt=\"Chanteuse Cocktail mariage Jazz Pop Soul\" class=\"wp-image-1805\" style=\"object-fit:cover\" srcset=\"https:\/\/magtrio.fr\/groupe\/wp-content\/uploads\/2015\/10\/chanteuse-orange-trio-cocktail-mariage-300x199.png 300w, https:\/\/magtrio.fr\/groupe\/wp-content\/uploads\/2015\/10\/chanteuse-orange-trio-cocktail-mariage.png 905w\" sizes=\"auto, (max-width: 300px) 100vw, 300px\" \/><\/a><figcaption class=\"wp-element-caption\">Chanteuse Cocktail mariage en Provence<\/figcaption><\/figure>\n<\/div>\n\n\n<h2 class=\"wp-block-heading\" id=\"le-groupe-de-musique-pour-l-animation-musicale-de-votre-soiree-de-mariage\"><strong>Nous dynamisons votre soir\u00e9e de mariage (Le Mini-Orchestre Live)<\/strong><\/h2>\n\n\n\n<p>Pour animer votre repas et lancer la partie dansante, <strong>nous \u00e9voluons vers un format de mini-orchestre<\/strong> avec notre formation en <strong>Quartet (Chant, Guitare, Basse et Batterie)<\/strong>. C\u2019est selon nous la configuration la plus compl\u00e8te pour insuffler l&#8217;\u00e9nergie n\u00e9cessaire \u00e0 une soir\u00e9e r\u00e9ussie, tout en conservant le charme d&#8217;une prestation 100% live.<\/p>\n\n\n\n<p><strong>Nous s\u00e9lectionnons pour vous un r\u00e9pertoire dynamique<\/strong> ax\u00e9 sur les grands standards Pop, Soul et Rock. De Bob Marley \u00e0 Sting, en passant par les classiques du Groove, nous adaptons l&#8217;intensit\u00e9 de notre performance pour que vos invit\u00e9s s&#8217;approprient naturellement la piste de danse.<\/p>\n\n\n\n<h3 class=\"wp-block-heading\"><strong>Le moment cl\u00e9: notre set &#8220;Dancefloor&#8221;<\/strong><\/h3>\n\n\n\n<p>Pour assurer une mont\u00e9e en puissance optimale, <strong>nous pla\u00e7ons g\u00e9n\u00e9ralement un set live tr\u00e8s \u00e9nergique d&#8217;une heure vers 23h<\/strong>, juste avant le dessert. Ce moment strat\u00e9gique permet de briser la dynamique du repas et de lancer officiellement la soir\u00e9e dansante. C\u2019est la transition id\u00e9ale pour chauffer la piste avant de passer le relais \u00e0 la suite de la nuit.<\/p>\n\n\n\n<h3 class=\"wp-block-heading\"><strong>Un aper\u00e7u de notre \u00e9nergie live :<\/strong><\/h3>\n\n\n<figure class=\"wp-block-embed-youtube wp-block-embed is-type-video is-provider-youtube wp-embed-aspect-16-9 wp-has-aspect-ratio lyte-align aligncenter\"><div class=\"lyte-wrapper\" title=\"Quartet - Orange Trio Music - Live Birthday\" style=\"width:640px;max-width:100%;margin:5px auto;\"><div class=\"lyMe hidef\" id=\"WYL_7AB4NVzizAc\" itemprop=\"video\" itemscope itemtype=\"https:\/\/schema.org\/VideoObject\"><div><meta itemprop=\"thumbnailUrl\" content=\"https:\/\/magtrio.fr\/groupe\/wp-content\/plugins\/wp-youtube-lyte\/lyteCache.php?origThumbUrl=https%3A%2F%2Fi.ytimg.com%2Fvi%2F7AB4NVzizAc%2Fmaxresdefault.jpg\" \/><meta itemprop=\"embedURL\" content=\"https:\/\/www.youtube.com\/embed\/7AB4NVzizAc\" \/><meta itemprop=\"duration\" content=\"PT2M34S\" \/><meta itemprop=\"uploadDate\" content=\"2023-12-31T13:23:48Z\" \/><\/div><div id=\"lyte_7AB4NVzizAc\" data-src=\"https:\/\/magtrio.fr\/groupe\/wp-content\/plugins\/wp-youtube-lyte\/lyteCache.php?origThumbUrl=https%3A%2F%2Fi.ytimg.com%2Fvi%2F7AB4NVzizAc%2Fmaxresdefault.jpg\" class=\"pL\"><div class=\"tC\"><div class=\"tT\" itemprop=\"name\">Quartet - Orange Trio Music - Live Birthday<\/div><\/div><div class=\"play\"><\/div><div class=\"ctrl\"><div class=\"Lctrl\"><\/div><div class=\"Rctrl\"><\/div><\/div><\/div><noscript><a href=\"https:\/\/youtu.be\/7AB4NVzizAc\" rel=\"nofollow\"><img loading=\"lazy\" decoding=\"async\" src=\"https:\/\/magtrio.fr\/groupe\/wp-content\/plugins\/wp-youtube-lyte\/lyteCache.php?origThumbUrl=https%3A%2F%2Fi.ytimg.com%2Fvi%2F7AB4NVzizAc%2F0.jpg\" alt=\"Quartet - Orange Trio Music - Live Birthday\" width=\"640\" height=\"340\" \/><\/a><\/noscript><meta itemprop=\"description\" content=\"Notre groupe en formation quartet avec batteur lors d\u2019une soir\u00e9e dansante anniversaire. Formation avec chanteuse, guitariste, batteur, bassiste\/chant.\"><\/div><\/div><div class=\"lL\" style=\"max-width:100%;width:640px;margin:5px auto;\"> <a href=\"https:\/\/youtu.be\/7AB4NVzizAc\" target=\"_blank\">Lire cette vid\u00e9o sur YouTube<\/a>.<\/div><figcaption>Le groupe de musique en formation Live avec batteur &#8211; Soir\u00e9e dansante<\/figcaption><\/figure>\n\n\n<p id=\"le-groupe-de-musique-pour-l-animation-musicale-de-votre-soiree-de-mariage\"><strong>Nous assurons enfin une transition fluide<\/strong> apr\u00e8s notre performance en proposant la diffusion d&#8217;une playlist personnalis\u00e9e, garantissant ainsi que la f\u00eate se prolonge en musique sans interruption.<\/p>\n\n\n\n<h2 class=\"wp-block-heading\"><strong>Notre secteur d&#8217;intervention : Mariages en Provence et Sud de la France<\/strong><\/h2>\n\n\n\n<p>Nous nous d\u00e9pla\u00e7ons avec notre mat\u00e9riel pour animer votre \u00e9v\u00e9nement dans les plus beaux lieux de r\u00e9ception du Sud-Est. Que vous organisiez une r\u00e9ception en bord de mer ou dans un domaine au c\u0153ur des terres, nous intervenons r\u00e9guli\u00e8rement dans les secteurs suivants :<\/p>\n\n\n\n<ul class=\"wp-block-list\">\n<li><strong>Bouches-du-Rh\u00f4ne (13) :<\/strong> Retrouvez nos conseils pour votre musique de <strong><a href=\"https:\/\/magtrio.fr\/groupe\/2025\/03\/musiciens-vin-dhonneur-aix-en-provence-13\/\" target=\"_blank\" rel=\"noreferrer noopener\">vin d&#8217;honneur \u00e0 Aix-en-Provence<\/a><\/strong>, ainsi que nos prestations de mariage \u00e0 <strong><a href=\"https:\/\/magtrio.fr\/groupe\/2025\/07\/groupe-musique-mariage-marseille-13\/\" target=\"_blank\" rel=\"noreferrer noopener\">Marseille<\/a><\/strong>, <strong><a href=\"https:\/\/magtrio.fr\/groupe\/2025\/05\/groupe-musique-mariage-saint-remy-de-provence-13\/\" target=\"_blank\" rel=\"noreferrer noopener\">Saint-R\u00e9my-de-Provence<\/a><\/strong> et dans le <strong><a href=\"https:\/\/magtrio.fr\/groupe\/2024\/09\/groupe-de-musique-animation-musicale-mariage-arles-13\/\" target=\"_blank\" rel=\"noreferrer noopener\">Pays d&#8217;Arles<\/a><\/strong>.<\/li>\n\n\n\n<li><strong>Vaucluse (84) :<\/strong> Nous accompagnons vos mariages \u00e0 <strong><a href=\"https:\/\/magtrio.fr\/groupe\/2025\/06\/groupe-musique-animation-mariage-cavaillon-vaucluse\/\" target=\"_blank\" rel=\"noreferrer noopener\">Cavaillon<\/a><\/strong>, <strong>Carpentras<\/strong>, dans le <strong>Luberon<\/strong> (Gordes, Bonnieux, Lourmarin, <strong><a href=\"https:\/\/magtrio.fr\/groupe\/groupe-musique-mariage-lisle-sur-la-sorgue-vaucluse-luberon\/\" target=\"_blank\" rel=\"noreferrer noopener\">L&#8217;Isle-sur-la-Sorgue<\/a><\/strong>) et \u00e0 <strong><a href=\"https:\/\/magtrio.fr\/groupe\/2025\/07\/groupe-musique-animation-mariage-avignon-84\/\" target=\"_blank\" rel=\"noreferrer noopener\">Avignon<\/a><\/strong>.<\/li>\n\n\n\n<li><strong>H\u00e9rault (34) :<\/strong> Nous animons vos c\u00e9r\u00e9monies et cocktails \u00e0 <strong><a href=\"https:\/\/magtrio.fr\/groupe\/2025\/08\/groupe-musique-mariage-montpellier\/\" target=\"_blank\" rel=\"noopener\" title=\"Groupe Musique Mariage Montpellier \u2013 H\u00e9rault (34)\">Montpellier<\/a><\/strong>, ainsi que sur toute la <strong>c\u00f4te h\u00e9raultaise<\/strong> (S\u00e8te, Agde, La Grande-Motte) et dans les domaines de l&#8217;arri\u00e8re-pays.<\/li>\n\n\n\n<li><strong>Alpes-Maritimes (06) et Var (83) :<\/strong> Nous intervenons \u00e9galement pour animer votre mariage \u00e0 <strong><a href=\"https:\/\/magtrio.fr\/groupe\/2025\/05\/groupe-musique-mariage-soiree-privee-cannes-antibes-juan-les-pins\/\" target=\"_blank\" rel=\"noreferrer noopener\">Cannes<\/a><\/strong>, <strong>Nice<\/strong>, <strong>Antibes<\/strong>, <strong>Saint-Tropez<\/strong> et <strong><a href=\"https:\/\/magtrio.fr\/groupe\/2025\/08\/groupe-musique-mariage-toulon-var\/\" target=\"_blank\" rel=\"noreferrer noopener\">Toulon<\/a><\/strong>.<\/li>\n\n\n\n<li><strong>Gard (30) :<\/strong> Engagez votre groupe de musique pour un mariage \u00e0 <strong>N\u00eemes<\/strong>, <strong><a href=\"https:\/\/magtrio.fr\/groupe\/groupe-musique-mariage-ales-cevennes-gard\/\" target=\"_blank\" rel=\"noreferrer noopener\">Al\u00e8s<\/a><\/strong> ou <strong><a href=\"https:\/\/magtrio.fr\/groupe\/2025\/04\/groupe-musique-mariage-uzes-gard\/\" target=\"_blank\" rel=\"noreferrer noopener\">Uz\u00e8s<\/a><\/strong>.<\/li>\n<\/ul>\n\n\n<div class=\"wp-block-image\">\n<figure class=\"aligncenter\"><a href=\"https:\/\/magtrio.fr\/groupe\/wp-content\/uploads\/2018\/11\/D\u00e9coration-mariage-Love-Bois.jpg\"><img loading=\"lazy\" decoding=\"async\" width=\"300\" height=\"150\" src=\"https:\/\/magtrio.fr\/groupe\/wp-content\/uploads\/2018\/11\/D\u00e9coration-mariage-Love-Bois-300x150.jpg\" alt=\"D\u00e9coration Mariage Love Bois - Photo pendant un vin d'honneur\" class=\"wp-image-2229\" style=\"object-fit:cover\" srcset=\"https:\/\/magtrio.fr\/groupe\/wp-content\/uploads\/2018\/11\/D\u00e9coration-mariage-Love-Bois-300x150.jpg 300w, https:\/\/magtrio.fr\/groupe\/wp-content\/uploads\/2018\/11\/D\u00e9coration-mariage-Love-Bois-768x384.jpg 768w, https:\/\/magtrio.fr\/groupe\/wp-content\/uploads\/2018\/11\/D\u00e9coration-mariage-Love-Bois-1024x512.jpg 1024w, https:\/\/magtrio.fr\/groupe\/wp-content\/uploads\/2018\/11\/D\u00e9coration-mariage-Love-Bois.jpg 1200w\" sizes=\"auto, (max-width: 300px) 100vw, 300px\" \/><\/a><\/figure>\n<\/div>","protected":false},"excerpt":{"rendered":"<p>Nous proposons, avec le groupe Orange Trio Music, une animation musicale \u00e9l\u00e9gante pour votre mariage en Provence et dans tout le Sud de la France. Sp\u00e9cialis\u00e9s dans les ambiances acoustiques et lounge, nous adaptons notre formation \u2014 du duo intimiste au quartet avec batteur \u2014 pour cr\u00e9er la bande sonore id\u00e9ale de votre union. Nous &hellip; <\/p>\n<p class=\"link-more\"><a href=\"https:\/\/magtrio.fr\/groupe\/mariages\/\" class=\"more-link\">Continuer la lecture<span class=\"screen-reader-text\"> de &laquo;&nbsp;Groupe de Musique pour votre Mariage : Live, Jazz &#038; Pop-Soul&nbsp;&raquo;<\/span><\/a><\/p>\n","protected":false},"author":4,"featured_media":0,"parent":0,"menu_order":0,"comment_status":"closed","ping_status":"open","template":"","meta":{"footnotes":""},"class_list":["post-988","page","type-page","status-publish","hentry"],"featured_image_src":null,"aioseo_notices":[],"_links":{"self":[{"href":"https:\/\/magtrio.fr\/groupe\/wp-json\/wp\/v2\/pages\/988","targetHints":{"allow":["GET"]}}],"collection":[{"href":"https:\/\/magtrio.fr\/groupe\/wp-json\/wp\/v2\/pages"}],"about":[{"href":"https:\/\/magtrio.fr\/groupe\/wp-json\/wp\/v2\/types\/page"}],"author":[{"embeddable":true,"href":"https:\/\/magtrio.fr\/groupe\/wp-json\/wp\/v2\/users\/4"}],"replies":[{"embeddable":true,"href":"https:\/\/magtrio.fr\/groupe\/wp-json\/wp\/v2\/comments?post=988"}],"version-history":[{"count":0,"href":"https:\/\/magtrio.fr\/groupe\/wp-json\/wp\/v2\/pages\/988\/revisions"}],"wp:attachment":[{"href":"https:\/\/magtrio.fr\/groupe\/wp-json\/wp\/v2\/media?parent=988"}],"curies":[{"name":"wp","href":"https:\/\/api.w.org\/{rel}","templated":true}]}}