{"id":179,"date":"2022-06-20T22:00:00","date_gmt":"2022-06-20T20:00:00","guid":{"rendered":"http:\/\/magtrio.fr\/groupe\/?page_id=179"},"modified":"2022-12-20T14:48:03","modified_gmt":"2022-12-20T13:48:03","slug":"blog","status":"publish","type":"page","link":"https:\/\/magtrio.fr\/groupe\/blog\/","title":{"rendered":"Blog"},"content":{"rendered":"\n<h2 class=\"wp-block-heading\">Des informations, id\u00e9es et actualit\u00e9s si vous organisez un \u00e9v\u00e8nement dans le Sud de la France.<\/h2>\n\n\n\n<p>Si vous cherchez des informations sur des prestataires, des lieux de r\u00e9ception, des groupes de musique pour votre \u00e9v\u00e8nement<strong> (Mariage, Anniversaire, Soir\u00e9e priv\u00e9e ou Soir\u00e9e d&#8217;entreprise)<\/strong> dans le Sud Est de la France, la Provence ou la Cote d&#8217;Azur, voici diff\u00e9rents articles qui pourront vous aider dans votre recherche.<\/p>\n\n\n\n<p><strong>Pour retrouver notre groupe de Musique, <\/strong><a rel=\"noreferrer noopener\" aria-label=\"c'est par ici (s\u2019ouvre dans un nouvel onglet)\" href=\"https:\/\/magtrio.fr\/groupe\/\" target=\"_blank\"><strong>c&#8217;est par ici<\/strong><\/a><strong>.<\/strong> <\/p>\n\n\n\n<h3 class=\"wp-block-heading\">Lieux de Mariage et de r\u00e9ception en Provence<\/h3>\n\n\n\n<p>Les diff\u00e9rents lieux que nous recommandons pour organiser votre mariage ou \u00e9v\u00e8nement en musique dans le Sud-est de la France, en Provence, Luberon et Cote D&#8217;Azur. Des <strong>lieux de Luxe avec des prestations haut de gamme accueillant des groupes de musiques pour votre \u00e9v\u00e9nement<\/strong>, mariage, soir\u00e9e priv\u00e9e ou soir\u00e9e d&#8217;entreprise:<\/p>\n\n\n<ul class=\"wp-block-latest-posts__list has-dates wp-block-latest-posts\"><li><a class=\"wp-block-latest-posts__post-title\" href=\"https:\/\/magtrio.fr\/groupe\/chateau-mariage-la-beaumetane-aix-en-provence\/\">Location Ch\u00e2teau pour Mariage pr\u00e8s d&#8217;Aix-en-Provence &#8211; La Beaumetane<\/a><time datetime=\"2026-01-09T00:35:09+01:00\" class=\"wp-block-latest-posts__post-date\">9 janvier 2026<\/time><\/li>\n<li><a class=\"wp-block-latest-posts__post-title\" href=\"https:\/\/magtrio.fr\/groupe\/2025\/01\/liste-domaine-lieu-organisation-mariage-proche-avignon-vaucluse\/\">10 Domaines de mariage proches d&#8217;Avignon (Vaucluse &#8211; Provence) recommand\u00e9s par Orange Trio Music<\/a><time datetime=\"2025-01-25T23:35:05+01:00\" class=\"wp-block-latest-posts__post-date\">25 janvier 2025<\/time><\/li>\n<li><a class=\"wp-block-latest-posts__post-title\" href=\"https:\/\/magtrio.fr\/groupe\/2022\/08\/salle-mariages-receptions-proche-avignon\/\">Le moulin des Gaffins &#8211; R\u00e9servez votre salle de mariage \u00e0 proximit\u00e9 d&#8217;Avignon<\/a><time datetime=\"2022-08-01T09:00:00+02:00\" class=\"wp-block-latest-posts__post-date\">1 ao\u00fbt 2022<\/time><\/li>\n<li><a class=\"wp-block-latest-posts__post-title\" href=\"https:\/\/magtrio.fr\/groupe\/2018\/11\/mas-de-lechanson-mariages-anniversaires-et-repas-dentreprise-provence-luberon-bouchesrhone\/\">Mas de l&#8217;Echanson, Mariages, Anniversaires et repas d&#8217;entreprise \u00e0 Chateaurenard (13)<\/a><time datetime=\"2018-11-30T21:10:00+01:00\" class=\"wp-block-latest-posts__post-date\">30 novembre 2018<\/time><\/li>\n<li><a class=\"wp-block-latest-posts__post-title\" href=\"https:\/\/magtrio.fr\/groupe\/2017\/02\/hotel-restaurant-la-belle-vie-mariages-receptions-pont-du-gard\/\">H\u00f4tel Restaurant La belle vie, Mariages R\u00e9ceptions Pont du Gard<\/a><time datetime=\"2017-02-26T14:59:15+01:00\" class=\"wp-block-latest-posts__post-date\">26 f\u00e9vrier 2017<\/time><\/li>\n<li><a class=\"wp-block-latest-posts__post-title\" href=\"https:\/\/magtrio.fr\/groupe\/2017\/01\/restaurant-linstant-des-mets-reception-mariage-avignon\/\">Restaurant &#8220;l&#8217;Instant des mets&#8221;, pour votre r\u00e9ception de mariage \u00e0 Avignon !<\/a><time datetime=\"2017-01-24T19:45:03+01:00\" class=\"wp-block-latest-posts__post-date\">24 janvier 2017<\/time><\/li>\n<\/ul>\n\n\n<h2 class=\"wp-block-heading\">Quelques conseils et id\u00e9es pour l&#8217;organisation musicale de votre mariage dans le Sud est de la France en Provence, nos diff\u00e9rentes prestations et animations musicales en fonction de nos lieux de prestations et concerts.<\/h2>\n\n\n\n<p>Retrouvez notre groupe de musique pop, jazz et soul et nos musiciens pour l&#8217;animation musicale de tous vos \u00e9v\u00e8nements (Mariages, et soir\u00e9es priv\u00e9es) dans le Sud est de la France, dans l&#8217;H\u00e9rault, Le Gard, la Drome, Le Vaucluse, Le Luberon mais \u00e9galement sur la Cote d&#8217;Azur dans les Bouches du Rh\u00f4ne, Le Var et les Alpes maritimes. Nos prestations musicales dans diff\u00e9rents lieux:<\/p>\n\n\n<ul class=\"wp-block-latest-posts__list has-dates wp-block-latest-posts\"><li><a class=\"wp-block-latest-posts__post-title\" href=\"https:\/\/magtrio.fr\/groupe\/groupe-musique-mariage-toulon-var\/\">Prestataire Musique &#8211; Groupe pour Mariage \u00e0 Toulon (83)<\/a><time datetime=\"2026-04-16T15:44:00+02:00\" class=\"wp-block-latest-posts__post-date\">16 avril 2026<\/time><\/li>\n<li><a class=\"wp-block-latest-posts__post-title\" href=\"https:\/\/magtrio.fr\/groupe\/groupe-musique-mariage-valence-drome\/\">Groupe de musique pour mariage \u00e0 Valence et dans la Dr\u00f4me (26) &#8211; Jazz, Pop &amp; Soul Live<\/a><time datetime=\"2026-04-15T00:14:17+02:00\" class=\"wp-block-latest-posts__post-date\">15 avril 2026<\/time><\/li>\n<li><a class=\"wp-block-latest-posts__post-title\" href=\"https:\/\/magtrio.fr\/groupe\/groupe-musique-cocktail-vin-dhonneur-mariage\/\">Groupe de Musique pour Vin d&#8217;Honneur et Cocktail: Le Guide Complet<\/a><time datetime=\"2026-01-02T18:45:54+01:00\" class=\"wp-block-latest-posts__post-date\">2 janvier 2026<\/time><\/li>\n<li><a class=\"wp-block-latest-posts__post-title\" href=\"https:\/\/magtrio.fr\/groupe\/groupe-musique-mariage-ardeche-07\/\">Groupe musique mariage Ard\u00e8che (07)<\/a><time datetime=\"2025-10-28T11:36:36+01:00\" class=\"wp-block-latest-posts__post-date\">28 octobre 2025<\/time><\/li>\n<li><a class=\"wp-block-latest-posts__post-title\" href=\"https:\/\/magtrio.fr\/groupe\/groupe-musique-mariage-ales-cevennes-gard\/\">Le groupe musique pour animer votre mariage \u00e0 Al\u00e8s (30)<\/a><time datetime=\"2025-10-20T20:17:29+02:00\" class=\"wp-block-latest-posts__post-date\">20 octobre 2025<\/time><\/li>\n<li><a class=\"wp-block-latest-posts__post-title\" href=\"https:\/\/magtrio.fr\/groupe\/groupe-musique-mariage-martigues-cote-bleue-13\/\">Groupe de musique mariage \u00e0 Martigues- Votre animation musicale sur la C\u00f4te Bleue (13)<\/a><time datetime=\"2025-10-14T11:33:53+02:00\" class=\"wp-block-latest-posts__post-date\">14 octobre 2025<\/time><\/li>\n<li><a class=\"wp-block-latest-posts__post-title\" href=\"https:\/\/magtrio.fr\/groupe\/groupe-musique-mariage-manosque-luberon\/\">Groupe musique Mariage Manosque &#8211; Votre animation musicale<\/a><time datetime=\"2025-10-03T00:00:41+02:00\" class=\"wp-block-latest-posts__post-date\">3 octobre 2025<\/time><\/li>\n<li><a class=\"wp-block-latest-posts__post-title\" href=\"https:\/\/magtrio.fr\/groupe\/groupe-musique-mariage-lisle-sur-la-sorgue-vaucluse-luberon\/\">Groupe Musique Mariage L&#8217;Isle sur la Sorgue (Vaucluse) &#8211; Votre animation musicale !<\/a><time datetime=\"2025-09-30T23:27:05+02:00\" class=\"wp-block-latest-posts__post-date\">30 septembre 2025<\/time><\/li>\n<li><a class=\"wp-block-latest-posts__post-title\" href=\"https:\/\/magtrio.fr\/groupe\/2025\/08\/groupe-musique-mariage-salon-de-provence-13\/\">Groupe de musique pour mariage \u00e0 Salon-de-Provence (13) \u2013 Jazz, Pop &amp; Soul Live<\/a><time datetime=\"2025-08-24T20:44:06+02:00\" class=\"wp-block-latest-posts__post-date\">24 ao\u00fbt 2025<\/time><\/li>\n<li><a class=\"wp-block-latest-posts__post-title\" href=\"https:\/\/magtrio.fr\/groupe\/2025\/08\/groupe-musique-mariage-montpellier\/\">Groupe de Musique \u00e0 Montpellier : R\u00e9servez votre Orchestre de Mariage (34)<\/a><time datetime=\"2025-08-15T16:53:24+02:00\" class=\"wp-block-latest-posts__post-date\">15 ao\u00fbt 2025<\/time><\/li>\n<li><a class=\"wp-block-latest-posts__post-title\" href=\"https:\/\/magtrio.fr\/groupe\/2025\/07\/groupe-musique-mariage-marseille-13\/\">Groupe de musique pour votre mariage \u00e0 Marseille (13)<\/a><time datetime=\"2025-07-30T00:04:58+02:00\" class=\"wp-block-latest-posts__post-date\">30 juillet 2025<\/time><\/li>\n<li><a class=\"wp-block-latest-posts__post-title\" href=\"https:\/\/magtrio.fr\/groupe\/2025\/07\/groupe-musique-mariage-montelimar\/\">Le groupe de musique pour animer votre Mariage \u00e0 Mont\u00e9limar (Dr\u00f4me)<\/a><time datetime=\"2025-07-21T16:52:57+02:00\" class=\"wp-block-latest-posts__post-date\">21 juillet 2025<\/time><\/li>\n<li><a class=\"wp-block-latest-posts__post-title\" href=\"https:\/\/magtrio.fr\/groupe\/2025\/07\/groupe-musique-mariage-vaucluse-84\/\">Groupe de musique pour mariage dans le Vaucluse (84) \u2013 Orange Trio Music<\/a><time datetime=\"2025-07-19T11:43:42+02:00\" class=\"wp-block-latest-posts__post-date\">19 juillet 2025<\/time><\/li>\n<li><a class=\"wp-block-latest-posts__post-title\" href=\"https:\/\/magtrio.fr\/groupe\/2025\/07\/groupe-musique-animation-mariage-avignon-84\/\">Groupe Musique Mariage Avignon (84): Formules Cocktail, C\u00e9r\u00e9monie &amp; Live Band Soir\u00e9e<\/a><time datetime=\"2025-07-16T12:14:11+02:00\" class=\"wp-block-latest-posts__post-date\">16 juillet 2025<\/time><\/li>\n<li><a class=\"wp-block-latest-posts__post-title\" href=\"https:\/\/magtrio.fr\/groupe\/2025\/07\/choisir-la-musique-ceremonie-mariage\/\">Musique C\u00e9r\u00e9monie Mariage : Le Guide Complet (Id\u00e9es, Budget, Chansons d&#8217;Entr\u00e9e et Classiques)<\/a><time datetime=\"2025-07-15T16:42:12+02:00\" class=\"wp-block-latest-posts__post-date\">15 juillet 2025<\/time><\/li>\n<li><a class=\"wp-block-latest-posts__post-title\" href=\"https:\/\/magtrio.fr\/groupe\/2025\/06\/groupe-musique-animation-mariage-cavaillon-vaucluse\/\">Le groupe de musique pour votre mariage \u00e0 Cavaillon<\/a><time datetime=\"2025-06-28T15:07:21+02:00\" class=\"wp-block-latest-posts__post-date\">28 juin 2025<\/time><\/li>\n<li><a class=\"wp-block-latest-posts__post-title\" href=\"https:\/\/magtrio.fr\/groupe\/2025\/05\/musiciens-pour-animer-ceremonie-de-mariage-a-aix-en-provence-13\/\">Musiciens pour c\u00e9r\u00e9monie de mariage \u00e0 Aix-en-Provence \u2013 La\u00efque ou religieuse<\/a><time datetime=\"2025-05-11T15:42:14+02:00\" class=\"wp-block-latest-posts__post-date\">11 mai 2025<\/time><\/li>\n<li><a class=\"wp-block-latest-posts__post-title\" href=\"https:\/\/magtrio.fr\/groupe\/2025\/05\/groupe-musique-mariage-soiree-privee-cannes-antibes-juan-les-pins\/\">Le groupe de musique pour animer votre Mariage \u00e0 Cannes (Alpes maritimes)<\/a><time datetime=\"2025-05-11T15:41:38+02:00\" class=\"wp-block-latest-posts__post-date\">11 mai 2025<\/time><\/li>\n<li><a class=\"wp-block-latest-posts__post-title\" href=\"https:\/\/magtrio.fr\/groupe\/2025\/05\/groupe-musique-mariages-receptions-monaco-monte-carlo-riviera\/\">Groupe de musique mariages et r\u00e9ceptions \u00e0 Monaco<\/a><time datetime=\"2025-05-11T15:41:09+02:00\" class=\"wp-block-latest-posts__post-date\">11 mai 2025<\/time><\/li>\n<li><a class=\"wp-block-latest-posts__post-title\" href=\"https:\/\/magtrio.fr\/groupe\/2025\/05\/musiciens-groupe-jazz-cocktail-mariage-luberon-provence\/\">Des musiciens de Jazz pour animer votre Cocktail de Mariage dans le Luberon<\/a><time datetime=\"2025-05-11T15:40:40+02:00\" class=\"wp-block-latest-posts__post-date\">11 mai 2025<\/time><\/li>\n<\/ul>\n\n\n<h2 class=\"wp-block-heading\">Engager un groupe de musique pour l&#8217;animation musicale de votre soir\u00e9e d&#8217;entreprise dans le Sud de la France (H\u00e9rault, Gard, Drome, Vaucluse et Bouches du Rh\u00f4ne).<\/h2>\n\n\n\n<p>Notre groupe de musique dans diff\u00e9rentes configurations d&#8217;animation musicales de Soir\u00e9es d&#8217;entreprises dans le Sud est de La France:<\/p>\n\n\n<ul class=\"wp-block-latest-posts__list wp-block-latest-posts\"><li><a class=\"wp-block-latest-posts__post-title\" href=\"https:\/\/magtrio.fr\/groupe\/animation-musicale-seminaire-soiree-entreprise-maison-bronzini\/\">Maison Bronzini Villeneuve L\u00e8s Avignon : Lieu pour organisation S\u00e9minaires et Soir\u00e9es d&#8217;Entreprise avec Animation musicale<\/a><\/li>\n<li><a class=\"wp-block-latest-posts__post-title\" href=\"https:\/\/magtrio.fr\/groupe\/2025\/05\/groupe-musique-mariages-receptions-monaco-monte-carlo-riviera\/\">Groupe de musique mariages et r\u00e9ceptions \u00e0 Monaco<\/a><\/li>\n<li><a class=\"wp-block-latest-posts__post-title\" href=\"https:\/\/magtrio.fr\/groupe\/2024\/11\/groupe-musique-animation-soiree-entreprise-marseille-aix\/\">L&#8217;animation musicale pour votre entreprise \u00e0 Marseille et Aix en Provence &#8211; Engagez votre groupe de musique<\/a><\/li>\n<\/ul>\n\n\n<h2 class=\"wp-block-heading\">Sorties musicales en Provence<\/h2>\n\n\n\n<p>Quelques id\u00e9es de sorties Musicales dans le Sud est de La France et en Provence:<\/p>\n\n\n<ul class=\"wp-block-latest-posts__list has-dates wp-block-latest-posts\"><li><a class=\"wp-block-latest-posts__post-title\" href=\"https:\/\/magtrio.fr\/groupe\/2023\/01\/domaine-galuval-evenements-receptions-soiree-entreprise-vaison-romaine-bollene-orange-84\/\">Domaine de Galuval &#8211; \u00c9v\u00e8nements et R\u00e9ceptions<\/a><time datetime=\"2023-01-05T15:00:12+01:00\" class=\"wp-block-latest-posts__post-date\">5 janvier 2023<\/time><\/li>\n<\/ul>\n\n\n<h2 class=\"wp-block-heading\">Les prestataires divers pour votre mariage, Wedding Planners, Traiteurs et Photographes:<\/h2>\n\n\n\n<p>Trouvez les meilleurs prestataires pour votre mariage en Provence et Luberon:<\/p>\n\n\n<ul class=\"wp-block-latest-posts__list wp-block-latest-posts\"><li><a class=\"wp-block-latest-posts__post-title\" href=\"https:\/\/magtrio.fr\/groupe\/dj-mariage-vaucluse-avignon-sr-animation\/\">DJ Mariage Vaucluse &#8211; Avignon : Notre Partenaire SR Animation pour Votre Soir\u00e9e Dansante<\/a><\/li>\n<li><a class=\"wp-block-latest-posts__post-title\" href=\"https:\/\/magtrio.fr\/groupe\/dj-mariage-marseille-mister-jingle\/\">DJ Mariage Marseille (13) : Notre Partenaire Mister Jingle pour dynamiter votre soir\u00e9e<\/a><\/li>\n<li><a class=\"wp-block-latest-posts__post-title\" href=\"https:\/\/magtrio.fr\/groupe\/groupe-musique-mariage-carpentras-vaucluse\/\">Le groupe de musique pour animer votre mariage \u00e0 Carpentras (Vaucluse)<\/a><\/li>\n<li><a class=\"wp-block-latest-posts__post-title\" href=\"https:\/\/magtrio.fr\/groupe\/groupe-musique-mariage-ales-cevennes-gard\/\">Le groupe musique pour animer votre mariage \u00e0 Al\u00e8s (30)<\/a><\/li>\n<li><a class=\"wp-block-latest-posts__post-title\" href=\"https:\/\/magtrio.fr\/groupe\/groupe-musique-mariage-martigues-cote-bleue-13\/\">Groupe de musique mariage \u00e0 Martigues- Votre animation musicale sur la C\u00f4te Bleue (13)<\/a><\/li>\n<\/ul>","protected":false},"excerpt":{"rendered":"<p>Des informations, id\u00e9es et actualit\u00e9s si vous organisez un \u00e9v\u00e8nement dans le Sud de la France. Si vous cherchez des informations sur des prestataires, des lieux de r\u00e9ception, des groupes de musique pour votre \u00e9v\u00e8nement (Mariage, Anniversaire, Soir\u00e9e priv\u00e9e ou Soir\u00e9e d&#8217;entreprise) dans le Sud Est de la France, la Provence ou la Cote d&#8217;Azur, &hellip; <\/p>\n<p class=\"link-more\"><a href=\"https:\/\/magtrio.fr\/groupe\/blog\/\" class=\"more-link\">Continuer la lecture<span class=\"screen-reader-text\"> de &laquo;&nbsp;Blog&nbsp;&raquo;<\/span><\/a><\/p>\n","protected":false},"author":4,"featured_media":0,"parent":0,"menu_order":0,"comment_status":"closed","ping_status":"open","template":"","meta":{"footnotes":""},"class_list":["post-179","page","type-page","status-publish","hentry"],"featured_image_src":null,"aioseo_notices":[],"_links":{"self":[{"href":"https:\/\/magtrio.fr\/groupe\/wp-json\/wp\/v2\/pages\/179","targetHints":{"allow":["GET"]}}],"collection":[{"href":"https:\/\/magtrio.fr\/groupe\/wp-json\/wp\/v2\/pages"}],"about":[{"href":"https:\/\/magtrio.fr\/groupe\/wp-json\/wp\/v2\/types\/page"}],"author":[{"embeddable":true,"href":"https:\/\/magtrio.fr\/groupe\/wp-json\/wp\/v2\/users\/4"}],"replies":[{"embeddable":true,"href":"https:\/\/magtrio.fr\/groupe\/wp-json\/wp\/v2\/comments?post=179"}],"version-history":[{"count":0,"href":"https:\/\/magtrio.fr\/groupe\/wp-json\/wp\/v2\/pages\/179\/revisions"}],"wp:attachment":[{"href":"https:\/\/magtrio.fr\/groupe\/wp-json\/wp\/v2\/media?parent=179"}],"curies":[{"name":"wp","href":"https:\/\/api.w.org\/{rel}","templated":true}]}}