{"id":15,"date":"2011-09-06T16:11:47","date_gmt":"2011-09-06T14:11:47","guid":{"rendered":"http:\/\/magtrio.fr\/groupe\/?page_id=15"},"modified":"2018-12-15T16:32:20","modified_gmt":"2018-12-15T15:32:20","slug":"contacts","status":"publish","type":"page","link":"https:\/\/magtrio.fr\/groupe\/contacts\/","title":{"rendered":"Nous Contacter"},"content":{"rendered":"<p><strong>Pour nous contacter: remplissez le formulaire!<\/strong><br \/>\nNous vous r\u00e9pondons au plus vite&#8230;<\/p>\n<p>N&#8217;h\u00e9sitez pas \u00e0 laisser votre num\u00e9ro de mobile ou tout autre moyen de contact dans votre message.<br \/>\nPensez aussi \u00e0 pr\u00e9ciser <strong>le lieu<\/strong> de l&#8217;\u00e9ventuelle prestation <strong>ainsi que la date<\/strong> et les horaires. Vous pouvez aussi pr\u00e9ciser la formule souhait\u00e9e: Duo, Trio ou formation &#8220;dansante&#8221; avec batteur.<\/p>\n<p>&nbsp;<\/p>\n\n<div class=\"wpcf7 no-js\" id=\"wpcf7-f2213-o1\" lang=\"fr-FR\" dir=\"ltr\" data-wpcf7-id=\"2213\">\n<div class=\"screen-reader-response\"><p role=\"status\" aria-live=\"polite\" aria-atomic=\"true\"><\/p> <ul><\/ul><\/div>\n<form action=\"\/groupe\/wp-json\/wp\/v2\/pages\/15#wpcf7-f2213-o1\" method=\"post\" class=\"wpcf7-form init\" aria-label=\"Formulaire de contact\" novalidate=\"novalidate\" data-status=\"init\">\n<fieldset class=\"hidden-fields-container\"><input type=\"hidden\" name=\"_wpcf7\" value=\"2213\" \/><input type=\"hidden\" name=\"_wpcf7_version\" value=\"6.1.5\" \/><input type=\"hidden\" name=\"_wpcf7_locale\" value=\"fr_FR\" \/><input type=\"hidden\" name=\"_wpcf7_unit_tag\" value=\"wpcf7-f2213-o1\" \/><input type=\"hidden\" name=\"_wpcf7_container_post\" value=\"0\" \/><input type=\"hidden\" name=\"_wpcf7_posted_data_hash\" value=\"\" \/>\n<\/fieldset>\n<p><label> Votre nom (obligatoire)<br \/>\n<span class=\"wpcf7-form-control-wrap\" data-name=\"your-name\"><input size=\"40\" maxlength=\"400\" class=\"wpcf7-form-control wpcf7-text wpcf7-validates-as-required\" aria-required=\"true\" aria-invalid=\"false\" value=\"\" type=\"text\" name=\"your-name\" \/><\/span> <\/label>\n<\/p>\n<p><span id=\"wpcf7-69f4df348024f-wrapper\" class=\"wpcf7-form-control-wrap Age-wrap\" style=\"display:none !important; visibility:hidden !important;\"><label for=\"wpcf7-69f4df348024f-field\" class=\"hp-message\">Veuillez laisser ce champ vide.<\/label><input id=\"wpcf7-69f4df348024f-field\"  class=\"wpcf7-form-control wpcf7-text\" type=\"text\" name=\"Age\" value=\"\" size=\"40\" tabindex=\"-1\" autocomplete=\"new-password\" \/><\/span>\n<\/p>\n<p><label> Votre adresse de messagerie (obligatoire)<br \/>\n<span class=\"wpcf7-form-control-wrap\" data-name=\"your-email\"><input size=\"40\" maxlength=\"400\" class=\"wpcf7-form-control wpcf7-email wpcf7-validates-as-required wpcf7-text wpcf7-validates-as-email\" aria-required=\"true\" aria-invalid=\"false\" value=\"\" type=\"email\" name=\"your-email\" \/><\/span> <\/label>\n<\/p>\n<p><label> Objet<br \/>\n<span class=\"wpcf7-form-control-wrap\" data-name=\"your-subject\"><input size=\"40\" maxlength=\"400\" class=\"wpcf7-form-control wpcf7-text\" aria-invalid=\"false\" value=\"\" type=\"text\" name=\"your-subject\" \/><\/span> <\/label>\n<\/p>\n<p><label> Votre message<br \/>\n<span class=\"wpcf7-form-control-wrap\" data-name=\"your-message\"><textarea cols=\"40\" rows=\"10\" maxlength=\"2000\" class=\"wpcf7-form-control wpcf7-textarea\" aria-invalid=\"false\" name=\"your-message\"><\/textarea><\/span> <\/label>\n<\/p>\n<p><input class=\"wpcf7-form-control wpcf7-submit has-spinner\" type=\"submit\" value=\"Envoyer\" \/>\n<\/p><p style=\"display: none !important;\" class=\"akismet-fields-container\" data-prefix=\"_wpcf7_ak_\"><label>&#916;<textarea name=\"_wpcf7_ak_hp_textarea\" cols=\"45\" rows=\"8\" maxlength=\"100\"><\/textarea><\/label><input type=\"hidden\" id=\"ak_js_1\" name=\"_wpcf7_ak_js\" value=\"114\"\/><script data-jetpack-boost=\"ignore\">\ndocument.getElementById( \"ak_js_1\" ).setAttribute( \"value\", ( new Date() ).getTime() );\n<\/script>\n<\/p><div class=\"wpcf7-response-output\" aria-hidden=\"true\"><\/div>\n<\/form>\n<\/div>\n\n<p>&nbsp;<\/p>\n","protected":false},"excerpt":{"rendered":"<p>Pour nous contacter: remplissez le formulaire! Nous vous r\u00e9pondons au plus vite&#8230; N&#8217;h\u00e9sitez pas \u00e0 laisser votre num\u00e9ro de mobile ou tout autre moyen de contact dans votre message. Pensez aussi \u00e0 pr\u00e9ciser le lieu de l&#8217;\u00e9ventuelle prestation ainsi que la date et les horaires. Vous pouvez aussi pr\u00e9ciser la formule souhait\u00e9e: Duo, Trio ou &hellip; <\/p>\n<p class=\"link-more\"><a href=\"https:\/\/magtrio.fr\/groupe\/contacts\/\" class=\"more-link\">Continuer la lecture<span class=\"screen-reader-text\"> de &laquo;&nbsp;Nous Contacter&nbsp;&raquo;<\/span><\/a><\/p>\n","protected":false},"author":4,"featured_media":0,"parent":0,"menu_order":0,"comment_status":"closed","ping_status":"open","template":"","meta":{"footnotes":""},"class_list":["post-15","page","type-page","status-publish","hentry"],"featured_image_src":null,"aioseo_notices":[],"_links":{"self":[{"href":"https:\/\/magtrio.fr\/groupe\/wp-json\/wp\/v2\/pages\/15","targetHints":{"allow":["GET"]}}],"collection":[{"href":"https:\/\/magtrio.fr\/groupe\/wp-json\/wp\/v2\/pages"}],"about":[{"href":"https:\/\/magtrio.fr\/groupe\/wp-json\/wp\/v2\/types\/page"}],"author":[{"embeddable":true,"href":"https:\/\/magtrio.fr\/groupe\/wp-json\/wp\/v2\/users\/4"}],"replies":[{"embeddable":true,"href":"https:\/\/magtrio.fr\/groupe\/wp-json\/wp\/v2\/comments?post=15"}],"version-history":[{"count":0,"href":"https:\/\/magtrio.fr\/groupe\/wp-json\/wp\/v2\/pages\/15\/revisions"}],"wp:attachment":[{"href":"https:\/\/magtrio.fr\/groupe\/wp-json\/wp\/v2\/media?parent=15"}],"curies":[{"name":"wp","href":"https:\/\/api.w.org\/{rel}","templated":true}]}}