{"id":1494,"date":"2022-07-12T14:52:00","date_gmt":"2022-07-12T12:52:00","guid":{"rendered":"http:\/\/magtrio.fr\/groupe\/?page_id=1494"},"modified":"2022-07-14T14:35:00","modified_gmt":"2022-07-14T12:35:00","slug":"bar-musicalrestaurant","status":"publish","type":"page","link":"https:\/\/magtrio.fr\/groupe\/bar-musicalrestaurant\/","title":{"rendered":"Bar Musical\/Restaurant"},"content":{"rendered":"\n<h3 class=\"wp-block-heading\">Le groupe Orange propose l&#8217;animation musicale votre salle de restaurant, bars musical, Pub, Piano Bar &#8230;<\/h3>\n\n\n\n<h4 class=\"wp-block-heading\">Les Formules<\/h4>\n\n\n\n<p>Le groupe Orange trio peut adapter son effectif de musiciens \u00e0 l&#8217;ambiance que vous souhaitez cr\u00e9er dans votre \u00e9tablissement:<\/p>\n\n\n\n<ul class=\"wp-block-list\"><li>Pour animer un <strong>lieu calme et &#8220;Cosy&#8221;, ambiance &#8220;Lounge&#8221;<\/strong>, un restaurant piano bar, vous pr\u00e9f\u00e9rerez sans doute le <strong>Duo Chanteuse\/Guitare acoustique<\/strong>, r\u00e9pertoire Standards de Jazz et Pop Folk<\/li><\/ul>\n\n\n\n<ul class=\"wp-block-list\"><li>Pour l&#8217;animation musicale d&#8217;un Bar musical, un Pub, <strong>une ambiance plus festive ou dansante<\/strong>, vous pr\u00e9f\u00e9rerez la <strong>formule Trio ou Quarte<\/strong>t avec Bassiste et Batteur, r\u00e9pertoire Rock, Soul, Rhytm&amp;Blues<\/li><\/ul>\n\n\n\n<p>Dans tous les cas n&#8217;h\u00e9sitez pas \u00e0 formuler votre demande sur notre <a title=\"Nous Contacter\" href=\"https:\/\/magtrio.fr\/groupe\/contacts\/\" target=\"_blank\" rel=\"noopener\">page Contact<\/a>, nous sommes \u00e0 votre disposition pour vous conseiller.<\/p>\n\n\n\n<h4 class=\"wp-block-heading\">Nos Lieux de repr\u00e9sentation<\/h4>\n\n\n\n<p>Le groupe Orange, des musiciens et une chanteuse pour l&#8217;animation musicale des bars, pubs, piano-bars, restaurants en Provence, Paca, Lub\u00e9ron, Languedoc, Marseille, Aix en Provence N\u00eemes, Al\u00e8s, Montpellier, Grande Motte.<\/p>\n\n\n\n<p><\/p>\n","protected":false},"excerpt":{"rendered":"<p>Le groupe Orange propose l&#8217;animation musicale votre salle de restaurant, bars musical, Pub, Piano Bar &#8230; Les Formules Le groupe Orange trio peut adapter son effectif de musiciens \u00e0 l&#8217;ambiance que vous souhaitez cr\u00e9er dans votre \u00e9tablissement: Pour animer un lieu calme et &#8220;Cosy&#8221;, ambiance &#8220;Lounge&#8221;, un restaurant piano bar, vous pr\u00e9f\u00e9rerez sans doute le &hellip; <\/p>\n<p class=\"link-more\"><a href=\"https:\/\/magtrio.fr\/groupe\/bar-musicalrestaurant\/\" class=\"more-link\">Continuer la lecture<span class=\"screen-reader-text\"> de &laquo;&nbsp;Bar Musical\/Restaurant&nbsp;&raquo;<\/span><\/a><\/p>\n","protected":false},"author":4,"featured_media":0,"parent":0,"menu_order":0,"comment_status":"closed","ping_status":"closed","template":"","meta":{"footnotes":""},"class_list":["post-1494","page","type-page","status-publish","hentry"],"featured_image_src":null,"aioseo_notices":[],"_links":{"self":[{"href":"https:\/\/magtrio.fr\/groupe\/wp-json\/wp\/v2\/pages\/1494","targetHints":{"allow":["GET"]}}],"collection":[{"href":"https:\/\/magtrio.fr\/groupe\/wp-json\/wp\/v2\/pages"}],"about":[{"href":"https:\/\/magtrio.fr\/groupe\/wp-json\/wp\/v2\/types\/page"}],"author":[{"embeddable":true,"href":"https:\/\/magtrio.fr\/groupe\/wp-json\/wp\/v2\/users\/4"}],"replies":[{"embeddable":true,"href":"https:\/\/magtrio.fr\/groupe\/wp-json\/wp\/v2\/comments?post=1494"}],"version-history":[{"count":0,"href":"https:\/\/magtrio.fr\/groupe\/wp-json\/wp\/v2\/pages\/1494\/revisions"}],"wp:attachment":[{"href":"https:\/\/magtrio.fr\/groupe\/wp-json\/wp\/v2\/media?parent=1494"}],"curies":[{"name":"wp","href":"https:\/\/api.w.org\/{rel}","templated":true}]}}