{"id":1480,"date":"2019-07-14T09:00:00","date_gmt":"2019-07-14T07:00:00","guid":{"rendered":"http:\/\/magtrio.fr\/groupe\/?page_id=1480"},"modified":"2026-04-13T10:03:28","modified_gmt":"2026-04-13T08:03:28","slug":"animation-musicale-comites-dentreprises","status":"publish","type":"page","link":"https:\/\/magtrio.fr\/groupe\/animation-musicale-comites-dentreprises\/","title":{"rendered":"Animation Musicale pour Soir\u00e9e d&#8217;Entreprise, S\u00e9minaire &#038; Cocktail"},"content":{"rendered":"\n<p>Vous organisez un \u00e9v\u00e9nement professionnel et vous cherchez \u00e0 marquer les esprits ? <a href=\"https:\/\/magtrio.fr\/groupe\/\" target=\"_blank\" rel=\"noopener noreferrer\">Le groupe Orange Trio Music<\/a> est votre partenaire privil\u00e9gi\u00e9 pour <strong>l&#8217;animation musicale de tous vos \u00e9v\u00e9nements d&#8217;entreprise<\/strong> : Cocktail d\u00eenatoire, S\u00e9minaire, C\u00e9r\u00e9monie de V\u0153ux, Soir\u00e9e annuelle, ou Afterwork.<\/p>\n\n\n\n<p>Bas\u00e9s dans le Sud-Est, notre groupe de musique se d\u00e9place en <strong>Provence, Languedoc et sur la C\u00f4te d&#8217;Azur<\/strong> pour apporter une touche d&#8217;\u00e9l\u00e9gance et de convivialit\u00e9 \u00e0 votre image de marque.<\/p>\n\n\n<div class=\"wp-block-image wp-block-image aligncenter is-resized\">\n<figure ><a href=\"https:\/\/magtrio.fr\/groupe\/wp-content\/uploads\/2019\/03\/groupe-musique-soir\u00e9e-entreprise.png\"><img loading=\"lazy\" decoding=\"async\" width=\"300\" height=\"200\" src=\"https:\/\/magtrio.fr\/groupe\/wp-content\/uploads\/2019\/03\/groupe-musique-soir\u00e9e-entreprise-300x200.png\" alt=\"Groupe de musique et musiciens animation musicale de soir\u00e9es d'entreprises, cocktails et s\u00e9minaires\" class=\"wp-image-2474\" srcset=\"https:\/\/magtrio.fr\/groupe\/wp-content\/uploads\/2019\/03\/groupe-musique-soir\u00e9e-entreprise-300x200.png 300w, https:\/\/magtrio.fr\/groupe\/wp-content\/uploads\/2019\/03\/groupe-musique-soir\u00e9e-entreprise.png 400w\" sizes=\"auto, (max-width: 300px) 100vw, 300px\" \/><\/a><figcaption class=\"wp-element-caption\">Orange Trio Music : L&#8217;\u00e9l\u00e9gance live pour votre cocktail ou soir\u00e9e pro.<\/figcaption><\/figure>\n<\/div>\n\n\n<h2 class=\"wp-block-heading\">Pourquoi choisir un Groupe de Musique Live pour votre \u00e9v\u00e9nement ?<\/h2>\n\n\n\n<p>Une soir\u00e9e d&#8217;entreprise n&#8217;est pas qu&#8217;une simple f\u00eate : c&#8217;est un outil de communication. Elle r\u00e9unit vos collaborateurs, vos clients ou vos partenaires. <strong>Le choix des prestataires, et en particulier des musiciens, est primordial.<\/strong> Consultez <a href=\"https:\/\/www.event-mag.com\/\" target=\"_blank\" rel=\"noopener\" title=\"Event Mag - Site officiel\">cet excellent site sp\u00e9cialis\u00e9 en \u00e9v\u00e9nementiel pour entreprise<\/a> pour plus de conseils.<\/p>\n\n\n\n<p>Une musique live de qualit\u00e9 cr\u00e9e instantan\u00e9ment une atmosph\u00e8re chaleureuse, facilite le networking et renvoie une <strong>image dynamique et haut de gamme de votre soci\u00e9t\u00e9<\/strong>.<\/p>\n\n\n\n<p>Avec Orange Trio Music, <strong>vous b\u00e9n\u00e9ficiez de notre expertise<\/strong> <strong>en animation musicale: <\/strong>sonorisation discr\u00e8te, r\u00e9pertoire Jazz, Pop &amp; Soul raffin\u00e9 et <strong>garantie d&#8217;une prestation professionnelle <\/strong>cl\u00e9 en main dans le Sud de la France.<\/p>\n\n\n\n<h3 class=\"wp-block-heading\">Nos formules &#8220;animations musicales&#8221; pour votre Comit\u00e9 d&#8217;Entreprise (CE) et Soir\u00e9es Corporate<\/h3>\n\n\n\n<p>Selon l&#8217;ambiance recherch\u00e9e (feutr\u00e9e ou festive), nous modulons notre formation :<\/p>\n\n\n\n<ul class=\"wp-block-list\">\n<li><strong>L&#8217;Ambiance Lounge (Cocktail &amp; Repas) :<\/strong> Pour accompagner les discussions sans couvrir les voix, optez pour notre <strong>Duo ou Trio Jazz \/ Bossa-Nova \/ Pop Acoustique<\/strong> (Guitare et Voix). C&#8217;est la formule id\u00e9ale pour une animation musicale afterwork, un s\u00e9minaire ou un repas d&#8217;affaires.<\/li>\n\n\n\n<li><strong>La Soir\u00e9e Festive (Partie Dansante) :<\/strong> Vous souhaitez faire danser vos collaborateurs apr\u00e8s le buffet ? Nous passons en mode &#8220;Groupe Complet&#8221; (Trio ou Quartet avec Batteur) pour un r\u00e9pertoire \u00e9nergique <strong>Soul, Pop et Rock<\/strong>.<\/li>\n<\/ul>\n\n\n\n<p>Notre groupe en Trio Style Pop Soul &#8211; Ain&#8217;t no Sunshine<\/p>\n\n\n<figure class=\"wp-block-embed-youtube wp-block-embed is-type-video is-provider-youtube wp-embed-aspect-16-9 wp-has-aspect-ratio lyte-align aligncenter\"><div class=\"lyte-wrapper\" title=\"Ain&amp;#039;t no sunshine - Bill Withers - Female cover version - Cover by Orange trio Music\" style=\"width:640px;max-width:100%;margin:5px auto;\"><div class=\"lyMe hidef\" id=\"WYL_xb5WvLvzdxc\" itemprop=\"video\" itemscope itemtype=\"https:\/\/schema.org\/VideoObject\"><div><meta itemprop=\"thumbnailUrl\" content=\"https:\/\/magtrio.fr\/groupe\/wp-content\/plugins\/wp-youtube-lyte\/lyteCache.php?origThumbUrl=https%3A%2F%2Fi.ytimg.com%2Fvi%2Fxb5WvLvzdxc%2Fmaxresdefault.jpg\" \/><meta itemprop=\"embedURL\" content=\"https:\/\/www.youtube.com\/embed\/xb5WvLvzdxc\" \/><meta itemprop=\"duration\" content=\"PT2M53S\" \/><meta itemprop=\"uploadDate\" content=\"2020-08-19T16:06:38Z\" \/><\/div><div id=\"lyte_xb5WvLvzdxc\" data-src=\"https:\/\/magtrio.fr\/groupe\/wp-content\/plugins\/wp-youtube-lyte\/lyteCache.php?origThumbUrl=https%3A%2F%2Fi.ytimg.com%2Fvi%2Fxb5WvLvzdxc%2Fmaxresdefault.jpg\" class=\"pL\"><div class=\"tC\"><div class=\"tT\" itemprop=\"name\">Ain&#039;t no sunshine - Bill Withers - Female cover version - Cover by Orange trio Music<\/div><\/div><div class=\"play\"><\/div><div class=\"ctrl\"><div class=\"Lctrl\"><\/div><div class=\"Rctrl\"><\/div><\/div><\/div><noscript><a href=\"https:\/\/youtu.be\/xb5WvLvzdxc\" rel=\"nofollow\"><img loading=\"lazy\" decoding=\"async\" src=\"https:\/\/magtrio.fr\/groupe\/wp-content\/plugins\/wp-youtube-lyte\/lyteCache.php?origThumbUrl=https%3A%2F%2Fi.ytimg.com%2Fvi%2Fxb5WvLvzdxc%2F0.jpg\" alt=\"Ain&amp;#039;t no sunshine - Bill Withers - Female cover version - Cover by Orange trio Music\" width=\"640\" height=\"340\" \/><\/a><\/noscript><meta itemprop=\"description\" content=\"Here is our female cover version of Bill Withers&#039; famous hit &quot;Ain&#039;t no sunshine&quot; from his album &quot;Just as i am&quot;. Our band for this acoustic trio cover: a female singer and two musicians: An electric bass, a cajon, a Fender stratocaster guitar, and a shaker. Guitar groove is inspired by John Mayer&#039;s Style. #billwhithers #aintnosunshine #aintnosunshinecover #justasiam #coversongs Chapters: 00:00 Intro 00:12 Vocal 1:09 Bridge 1:30 Guitar solo 1:55 Vocal End Hire our locally based music band for your wedding, wedding ceremony, champagne party, birthday party in the south of France, Provence, Luberon and on the French Riviera (around Montpellier, N\u00eemes, Avignon, Arles, Marseille, Cannes et St Tropez). Hire our band here: https:\/\/magtrio.fr\/groupe\/ Lyrics of the song Ain&#039;t no sunshine: Ain&#039;t no sunshine when she&#039;s gone It&#039;s not warm when she&#039;s away Ain&#039;t no sunshine when she&#039;s gone And she&#039;s always gone too long Anytime she goes away Wonder this time where she&#039;s gone Wonder if she&#039;s gone to stay Ain&#039;t no sunshine when she&#039;s gone And this house just ain&#039;t no home Anytime she goes away And I know, I know, I know, I know I know, I know, I know, I know, I know I know, I know, I know, I know, I know I know, I know, I know, I know, I know I know, I know, I know, I know, I know I know, I know Hey, I oughta leave young thing alone But ain&#039;t no sunshine when she&#039;s gone Ain&#039;t no sunshine when she&#039;s gone Only darkness every day Ain&#039;t no sunshine when she&#039;s gone And this house just ain&#039;t no home Anytime she goes away Anytime she goes away Anytime she goes away Anytime she goes away\"><\/div><\/div><div class=\"lL\" style=\"max-width:100%;width:640px;margin:5px auto;\"> <a href=\"https:\/\/youtu.be\/xb5WvLvzdxc\" target=\"_blank\">Lire cette vid\u00e9o sur YouTube<\/a>.<\/div><figcaption>Le groupe Pop Soul Lounge pour l&#8217;animation musicale une soir\u00e9e d&#8217;entreprise<\/figcaption><\/figure>\n\n\n<div style=\"height:20px\" aria-hidden=\"true\" class=\"wp-block-spacer\"><\/div>\n\n\n\n<p class=\"wp-block-heading\">D\u00e9couvrez notre groupe &#8211; formation Duo en vid\u00e9o (Style Bossa-Nova)<\/p>\n\n\n<figure class=\"wp-block-embed-youtube wp-block-embed is-type-video is-provider-youtube wp-embed-aspect-16-9 wp-has-aspect-ratio\"><div class=\"lyte-wrapper\" title=\"The more i see you - Reprise\/Cover Jazz Bossa (Chanteuse et Guitariste)\" style=\"width:640px;max-width:100%;margin:5px auto;\"><div class=\"lyMe hidef\" id=\"WYL_ZYRra0Ec1wg\" itemprop=\"video\" itemscope itemtype=\"https:\/\/schema.org\/VideoObject\"><div><meta itemprop=\"thumbnailUrl\" content=\"https:\/\/magtrio.fr\/groupe\/wp-content\/plugins\/wp-youtube-lyte\/lyteCache.php?origThumbUrl=https%3A%2F%2Fi.ytimg.com%2Fvi%2FZYRra0Ec1wg%2Fmaxresdefault.jpg\" \/><meta itemprop=\"embedURL\" content=\"https:\/\/www.youtube.com\/embed\/ZYRra0Ec1wg\" \/><meta itemprop=\"duration\" content=\"PT1M17S\" \/><meta itemprop=\"uploadDate\" content=\"2018-07-27T01:05:36Z\" \/><\/div><meta itemprop=\"accessibilityFeature\" content=\"captions\" \/><div id=\"lyte_ZYRra0Ec1wg\" data-src=\"https:\/\/magtrio.fr\/groupe\/wp-content\/plugins\/wp-youtube-lyte\/lyteCache.php?origThumbUrl=https%3A%2F%2Fi.ytimg.com%2Fvi%2FZYRra0Ec1wg%2Fmaxresdefault.jpg\" class=\"pL\"><div class=\"tC\"><div class=\"tT\" itemprop=\"name\">The more i see you - Reprise\/Cover Jazz Bossa (Chanteuse et Guitariste)<\/div><\/div><div class=\"play\"><\/div><div class=\"ctrl\"><div class=\"Lctrl\"><\/div><div class=\"Rctrl\"><\/div><\/div><\/div><noscript><a href=\"https:\/\/youtu.be\/ZYRra0Ec1wg\" rel=\"nofollow\"><img loading=\"lazy\" decoding=\"async\" src=\"https:\/\/magtrio.fr\/groupe\/wp-content\/plugins\/wp-youtube-lyte\/lyteCache.php?origThumbUrl=https%3A%2F%2Fi.ytimg.com%2Fvi%2FZYRra0Ec1wg%2F0.jpg\" alt=\"The more i see you - Reprise\/Cover Jazz Bossa (Chanteuse et Guitariste)\" width=\"640\" height=\"340\" \/><\/a><\/noscript><meta itemprop=\"description\" content=\"Reprise en duo Guitariste et chanteuse du standard de Chris Montez &quot;The more i see you&quot;, par Orange Trio Music. Nous reprenons le titre en Duo Acoustique dans un arrangement Jazz\/Bossa Nova avec guitariste et chanteuse. #chrismontez #coversong #weddingband #bossanovacovers Visitez notre Site: https:\/\/magtrio.fr\/groupe\/ Orange Trio Music, Mariages, Vins d&#039;honneurs, r\u00e9ceptions et \u00e9v\u00e8nements en Provence, Lub\u00e9ron et sur la Cote d&#039;Azur (French Riviera). Vid\u00e9o r\u00e9alis\u00e9e avec un bo\u00eetier Sony A7 R III et un objectif Sigma 50 mm 1.4 Art Paroles de The more i see you (Chris Montez) The more I see you, the more I want you Somehow this feeling just grows and grows With every sigh I become more mad about you More lost without you and so it goes Can you imagine how much I love you? The more I see you as years go by I know the only one for me can only be you My arms won&#039;t free you, and my heart won&#039;t try Can you imagine how much I love you? The more I see you as years go by I know the only one for me can only be you My arms won&#039;t free you, and my heart won&#039;t try\"><\/div><\/div><div class=\"lL\" style=\"max-width:100%;width:640px;margin:5px auto;\"> <a href=\"https:\/\/youtu.be\/ZYRra0Ec1wg\" target=\"_blank\">Lire cette vid\u00e9o sur YouTube<\/a>.<\/div><figcaption>Le groupe de musique en duo Chanteuse et guitariste pour animer un cocktail &#8211; Soir\u00e9e entreprise<\/figcaption><\/figure>\n\n\n<p>Pour en savoir plus sur nous : <a href=\"https:\/\/magtrio.fr\/groupe\/\" target=\"_blank\" rel=\"noopener\" title=\"Pr\u00e9sentation Orange trio Music\">Pr\u00e9sentation G\u00e9n\u00e9rale du Groupe<\/a> | <a href=\"https:\/\/magtrio.fr\/groupe\/musique\/\" target=\"_blank\" rel=\"noopener\" title=\"\u00c9couter le groupe Orange Trio Music\">\u00c9couter nos D\u00e9mos Audio<\/a><\/p>\n\n\n\n<p class=\"has-text-align-center\"><a href=\"https:\/\/www.youtube.com\/@orangetriomusic\" target=\"_blank\" rel=\"noopener\" title=\"Youtube Orange Trio Music\">Notre page youtube<\/a> &#8211; <a href=\"https:\/\/www.instagram.com\/orangetriomusic\/\" target=\"_blank\" rel=\"noopener\" title=\"Instagram Orange Trio Music\">Instagram<\/a><\/p>\n\n\n\n<p class=\"has-text-align-center\"><strong>Vous avez un projet d&#8217;\u00e9v\u00e9nement ?<\/strong><br>Nous vous conseillons sur la formule musicale la plus adapt\u00e9e \u00e0 votre entreprise et votre budget.<br><a href=\"https:\/\/magtrio.fr\/groupe\/contacts\/\" title=\"Contacter et engager le groupe Orange Trio Music\">Demandez votre devis et disponibilit\u00e9s ici<\/a><\/p>\n\n\n\n<h2 class=\"wp-block-heading\">O\u00f9 intervenons-nous pour l&#8217;animation musicale de vos \u00e9v\u00e9nements d&#8217;entreprise ?<\/h2>\n\n\n\n<p>Orange Trio Music assure l&#8217;animation musicale de vos <strong>r\u00e9ceptions et cocktail d&#8217;entreprises,  c\u00e9r\u00e9monies de v\u0153ux, d\u00eeners d&#8217;affaires, s\u00e9minaires, lancements de produits, inaugurations et f\u00eates de fin d&#8217;ann\u00e9e<\/strong> dans tout le Grand Sud.<\/p>\n\n\n\n<p>Voici nos principales zones d&#8217;intervention pour trouver votre groupe de musique :<\/p>\n\n\n\n<ul class=\"wp-block-list\">\n<li><strong>Bouches-du-Rh\u00f4ne &amp; PACA :<\/strong> Animation soir\u00e9e entreprise \u00e0 <a href=\"https:\/\/magtrio.fr\/groupe\/2024\/11\/groupe-musique-animation-soiree-entreprise-marseille-aix\/\" target=\"_blank\" rel=\"noopener\" title=\"Nos prestations musicales pour animer votre soir\u00e9e d'entreprise \u00e0 Marseille et Aix\"><strong>Marseille<\/strong><\/a>, <strong>Aix-en-Provence<\/strong>, Arles, Toulon, Cannes et Nice.<\/li>\n\n\n\n<li><strong>H\u00e9rault &amp; Gard :<\/strong> Musiciens pour \u00e9v\u00e9nements \u00e0 <strong>Montpellier<\/strong>, N\u00eemes, B\u00e9ziers, Al\u00e8s, S\u00e8te et Agde.<\/li>\n\n\n\n<li><strong>Dr\u00f4me &amp; Vaucluse :<\/strong> Orchestre pour s\u00e9minaires \u00e0 <strong>Avignon<\/strong>, Valence, Mont\u00e9limar, Orange, Cavaillon et Carpentras.<\/li>\n<\/ul>\n","protected":false},"excerpt":{"rendered":"<p>Vous organisez un \u00e9v\u00e9nement professionnel et vous cherchez \u00e0 marquer les esprits ? Le groupe Orange Trio Music est votre partenaire privil\u00e9gi\u00e9 pour l&#8217;animation musicale de tous vos \u00e9v\u00e9nements d&#8217;entreprise : Cocktail d\u00eenatoire, S\u00e9minaire, C\u00e9r\u00e9monie de V\u0153ux, Soir\u00e9e annuelle, ou Afterwork. Bas\u00e9s dans le Sud-Est, notre groupe de musique se d\u00e9place en Provence, Languedoc et &hellip; <\/p>\n<p class=\"link-more\"><a href=\"https:\/\/magtrio.fr\/groupe\/animation-musicale-comites-dentreprises\/\" class=\"more-link\">Continuer la lecture<span class=\"screen-reader-text\"> de &laquo;&nbsp;Animation Musicale pour Soir\u00e9e d&#8217;Entreprise, S\u00e9minaire &#038; Cocktail&nbsp;&raquo;<\/span><\/a><\/p>\n","protected":false},"author":4,"featured_media":0,"parent":0,"menu_order":0,"comment_status":"closed","ping_status":"open","template":"","meta":{"footnotes":""},"class_list":["post-1480","page","type-page","status-publish","hentry"],"featured_image_src":null,"aioseo_notices":[],"_links":{"self":[{"href":"https:\/\/magtrio.fr\/groupe\/wp-json\/wp\/v2\/pages\/1480","targetHints":{"allow":["GET"]}}],"collection":[{"href":"https:\/\/magtrio.fr\/groupe\/wp-json\/wp\/v2\/pages"}],"about":[{"href":"https:\/\/magtrio.fr\/groupe\/wp-json\/wp\/v2\/types\/page"}],"author":[{"embeddable":true,"href":"https:\/\/magtrio.fr\/groupe\/wp-json\/wp\/v2\/users\/4"}],"replies":[{"embeddable":true,"href":"https:\/\/magtrio.fr\/groupe\/wp-json\/wp\/v2\/comments?post=1480"}],"version-history":[{"count":2,"href":"https:\/\/magtrio.fr\/groupe\/wp-json\/wp\/v2\/pages\/1480\/revisions"}],"predecessor-version":[{"id":14948,"href":"https:\/\/magtrio.fr\/groupe\/wp-json\/wp\/v2\/pages\/1480\/revisions\/14948"}],"wp:attachment":[{"href":"https:\/\/magtrio.fr\/groupe\/wp-json\/wp\/v2\/media?parent=1480"}],"curies":[{"name":"wp","href":"https:\/\/api.w.org\/{rel}","templated":true}]}}